{"id":569,"date":"2018-04-10T09:21:31","date_gmt":"2018-04-10T09:21:31","guid":{"rendered":"https:\/\/www.ainaraortega.com\/hasiera\/"},"modified":"2021-01-14T12:32:54","modified_gmt":"2021-01-14T11:32:54","slug":"hasiera","status":"publish","type":"page","link":"https:\/\/www.ainaraortega.com\/es\/","title":{"rendered":"Inicio"},"content":{"rendered":"<p>[vc_row css_animation=\u00bb\u00bb row_type=\u00bbrow\u00bb use_row_as_full_screen_section=\u00bbno\u00bb type=\u00bbfull_width\u00bb angled_section=\u00bbno\u00bb text_align=\u00bbleft\u00bb background_image_as_pattern=\u00bbwithout_pattern\u00bb][vc_column]\n\t\t\t<!-- START Home ES DEF REVOLUTION SLIDER 6.5.6 --><p class=\"rs-p-wp-fix\"><\/p>\n\t\t\t<rs-module-wrap id=\"rev_slider_3_1_wrapper\" data-source=\"gallery\" style=\"visibility:hidden;background:#100504;padding:0;margin:0px auto;margin-top:0;margin-bottom:0;max-width:;\">\n\t\t\t\t<rs-module id=\"rev_slider_3_1\" style=\"\" data-version=\"6.5.6\">\n\t\t\t\t\t<rs-slides>\n\t\t\t\t\t\t<rs-slide style=\"position: absolute;\" data-key=\"rs-3\" data-title=\"Slide\" data-anim=\"ms:600;r:0;\" data-in=\"o:0;\" data-out=\"a:false;\">\n\t\t\t\t\t\t\t<img src=\"\/\/www.ainaraortega.com\/wp-content\/plugins\/revslider\/public\/assets\/assets\/dummy.png\" alt=\"Ainara Ortega Onin\" title=\"Ainara Ortega Onin\" width=\"1536\" height=\"1024\" class=\"rev-slidebg tp-rs-img rs-lazyload\" data-lazyload=\"\/\/www.ainaraortega.com\/wp-content\/uploads\/2009\/12\/ainara-ortega-onin-lesaka-salto-1536x1024.jpg\" data-no-retina>\n<!--\n\t\t\t\t\t\t\t--><rs-layer\n\t\t\t\t\t\t\t\tid=\"slider-3-slide-3-layer-3\" \n\t\t\t\t\t\t\t\tdata-type=\"text\"\n\t\t\t\t\t\t\t\tdata-xy=\"x:c;y:m;yo:-133px,-196px,0,-121px;\"\n\t\t\t\t\t\t\t\tdata-text=\"w:normal;s:160,142,112,105;l:160,102,82,48;ls:13px,8px,8px,5px;fw:600,700,700,700;a:left,inherit,inherit,inherit;\"\n\t\t\t\t\t\t\t\tdata-dim=\"w:353px,305px,246px,224px;h:auto,111px,89px,65px;\"\n\t\t\t\t\t\t\t\tdata-basealign=\"slide\"\n\t\t\t\t\t\t\t\tdata-rsp_o=\"off\"\n\t\t\t\t\t\t\t\tdata-rsp_bd=\"off\"\n\t\t\t\t\t\t\t\tdata-frame_0=\"x:50px;\"\n\t\t\t\t\t\t\t\tdata-frame_1=\"e:power3.out;st:300;sp:700;sR:300;\"\n\t\t\t\t\t\t\t\tdata-frame_999=\"o:0;st:w;sR:2000;\"\n\t\t\t\t\t\t\t\tstyle=\"z-index:12;font-family:'Oswald';text-transform:uppercase;\"\n\t\t\t\t\t\t\t>ONIN \n\t\t\t\t\t\t\t<\/rs-layer><!--\n\n\t\t\t\t\t\t\t--><rs-layer\n\t\t\t\t\t\t\t\tid=\"slider-3-slide-3-layer-8\" \n\t\t\t\t\t\t\t\tdata-type=\"text\"\n\t\t\t\t\t\t\t\tdata-xy=\"x:c;y:m;yo:-31px,-106px,80px,-61px;\"\n\t\t\t\t\t\t\t\tdata-text=\"w:normal;s:60,52,42,38;l:70,62,52,48;a:inherit;\"\n\t\t\t\t\t\t\t\tdata-dim=\"w:345px,303px,244px,220px;h:73px,71px,57px,auto;\"\n\t\t\t\t\t\t\t\tdata-basealign=\"slide\"\n\t\t\t\t\t\t\t\tdata-rsp_o=\"off\"\n\t\t\t\t\t\t\t\tdata-rsp_bd=\"off\"\n\t\t\t\t\t\t\t\tdata-frame_0=\"x:50px;\"\n\t\t\t\t\t\t\t\tdata-frame_1=\"e:power3.out;st:350;sp:700;sR:300;\"\n\t\t\t\t\t\t\t\tdata-frame_999=\"o:0;st:w;sR:2000;\"\n\t\t\t\t\t\t\t\tstyle=\"z-index:11;font-family:'Oswald';text-transform:uppercase;\"\n\t\t\t\t\t\t\t>PR\u00d3XIMAMENTE \n\t\t\t\t\t\t\t<\/rs-layer><!--\n\n\t\t\t\t\t\t\t--><rs-layer\n\t\t\t\t\t\t\t\tid=\"slider-3-slide-3-layer-9\" \n\t\t\t\t\t\t\t\tdata-type=\"text\"\n\t\t\t\t\t\t\t\tdata-xy=\"x:c;xo:0,0,0,-18px;y:m;yo:125px,-31px,162px,-1px;\"\n\t\t\t\t\t\t\t\tdata-text=\"w:normal;s:60,52,42,38;l:70,62,52,48;a:inherit;\"\n\t\t\t\t\t\t\t\tdata-dim=\"w:332px,592px,454px,189px;h:auto,71px,71px,auto;\"\n\t\t\t\t\t\t\t\tdata-basealign=\"slide\"\n\t\t\t\t\t\t\t\tdata-rsp_o=\"off\"\n\t\t\t\t\t\t\t\tdata-rsp_bd=\"off\"\n\t\t\t\t\t\t\t\tdata-frame_0=\"x:50px;\"\n\t\t\t\t\t\t\t\tdata-frame_1=\"e:power3.out;st:350;sp:700;sR:300;\"\n\t\t\t\t\t\t\t\tdata-frame_999=\"o:0;st:w;sR:2000;\"\n\t\t\t\t\t\t\t\tstyle=\"z-index:10;font-family:'Oswald';text-transform:uppercase;\"\n\t\t\t\t\t\t\t><a itemprop=\"url\" href=\"https:\/\/youtu.be\/GgTKWmc5GTs\" target=\"_self\" class=\"qbutton  big_large_full_width center white default\" rel=\"prettyPhoto noopener\" data-rel=\"prettyPhoto\" data->'EUSKARA MARABILLOSUA'<i class=\"qode_icon_font_awesome fa fa-youtube-play qode_button_icon_element\" style=\"\"><\/i><\/a> \n\t\t\t\t\t\t\t<\/rs-layer><!--\n-->\t\t\t\t\t\t<\/rs-slide>\n\t\t\t\t\t<\/rs-slides>\n\t\t\t\t<\/rs-module>\n\t\t\t\t<script type=\"text\/javascript\">\n\t\t\t\t\tsetREVStartSize({c: 'rev_slider_3_1',rl:[1240,1024,778,480],el:[986,768,1022,720],gw:[1920,1441,850,480],gh:[986,768,1022,720],type:'standard',justify:'',layout:'fullwidth',mh:\"0\"});if (window.RS_MODULES!==undefined && window.RS_MODULES.modules!==undefined && window.RS_MODULES.modules[\"revslider31\"]!==undefined) {window.RS_MODULES.modules[\"revslider31\"].once = false;window.revapi3 = undefined;if (window.RS_MODULES.checkMinimal!==undefined) window.RS_MODULES.checkMinimal()}\n\t\t\t\t<\/script>\n\t\t\t<\/rs-module-wrap>\n\t\t\t<!-- END REVOLUTION SLIDER -->\n[\/vc_column][\/vc_row][vc_row css_animation=\u00bb\u00bb row_type=\u00bbrow\u00bb use_row_as_full_screen_section=\u00bbno\u00bb type=\u00bbfull_width\u00bb angled_section=\u00bbno\u00bb text_align=\u00bbleft\u00bb background_image_as_pattern=\u00bbwithout_pattern\u00bb css=\u00bb.vc_custom_1523627385762{background-color: #ffffff !important;}\u00bb z_index=\u00bb\u00bb][vc_column css=\u00bb.vc_custom_1523627470988{margin-top: -24px !important;padding-top: 0px !important;padding-right: 16% !important;padding-left: 10% !important;background-color: #ffffff !important;}\u00bb]<div class=\"qode-audio-player-wrapper qode-player-light\"   >\n\t<div id= \"qode-player-2138005028\" class=\"jp-jplayer\"><\/div>\n\t\t<div id= \"qode-player-container-2138005028\" class=\"qode-audio-player-holder\" data-album-id=\"184\">\n\t\t<div class=\"qode-audio-player-info-holder\">\n\t\t\t\t\t\t\t<div class=\"qode-audio-player-image-holder\">\n\t\t\t\t\t<img width=\"150\" height=\"150\" src=\"https:\/\/www.ainaraortega.com\/wp-content\/uploads\/2018\/04\/scat-ainara-ortega-portada-150x150.jpg\" class=\"attachment-thumbnail size-thumbnail wp-post-image\" alt=\"Scat - Ainara Ortega 2015\" decoding=\"async\" srcset=\"https:\/\/www.ainaraortega.com\/wp-content\/uploads\/2018\/04\/scat-ainara-ortega-portada-150x150.jpg 150w, https:\/\/www.ainaraortega.com\/wp-content\/uploads\/2018\/04\/scat-ainara-ortega-portada-300x300.jpg 300w, https:\/\/www.ainaraortega.com\/wp-content\/uploads\/2018\/04\/scat-ainara-ortega-portada.jpg 1024w, https:\/\/www.ainaraortega.com\/wp-content\/uploads\/2018\/04\/scat-ainara-ortega-portada-768x768.jpg 768w, https:\/\/www.ainaraortega.com\/wp-content\/uploads\/2018\/04\/scat-ainara-ortega-portada-570x570.jpg 570w, https:\/\/www.ainaraortega.com\/wp-content\/uploads\/2018\/04\/scat-ainara-ortega-portada-500x500.jpg 500w, https:\/\/www.ainaraortega.com\/wp-content\/uploads\/2018\/04\/scat-ainara-ortega-portada-1000x1000.jpg 1000w, https:\/\/www.ainaraortega.com\/wp-content\/uploads\/2018\/04\/scat-ainara-ortega-portada-700x700.jpg 700w\" sizes=\"(max-width: 150px) 100vw, 150px\" \/>\t\t\t\t<\/div>\n\t\t\t\t\t\t<div class=\"qode-audio-player-text-holder\">\n\t\t\t\t<h4 class=\"qode-audio-player-title\"><\/h4>\n\t\t\t\t<p class=\"qode-audio-player-album\"><\/p>\n\t\t\t<\/div>\n\t\t<\/div>\n\t\t<div class=\"qode-audio-player-controls-holder\">\n\n\t\t\t<div class=\"jp-audio player-box\">\n\t\t\t\t<div class=\"jp-gui jp-interface\">\n\t\t\t\t\t<ul class=\"jp-controls\">\n\t\t\t\t\t\t<li ><a class=\"jp-previous\" href=\"#\"><i class=\"fa fa-fast-backward\"><\/i><\/a><\/li><li ><a class=\"jp-play\" href=\"#\"><i class=\"fa fa-play\"><\/i><i class=\"fa fa-pause\"><\/i><\/a><\/li><li ><a class=\"jp-next\" href=\"#\"><i class=\"fa fa-fast-forward\"><\/i><\/a><\/li>\n\t\t\t\t\t<\/ul>\n\t\t\t\t<\/div>\n\t\t\t\t<div class=\"jp-type-playlist\">\n\t\t\t\t\t<div class=\"jp-playlist\">\n\t\t\t\t\t\t<ul class=\"tracks-list\">\n\t\t\t\t\t\t\t<li><\/li>\n\t\t\t\t\t\t<\/ul>\n\t\t\t\t\t<\/div>\n\t\t\t\t<\/div>\n\t\t\t<\/div>\n\t\t<\/div>\n\t\t<div class=\"qode-audio-player-time-holder\">\n\t\t\t<div class=\"qode-audio-player-progress-holder\">\n\t\t\t\t<div class=\"jp-audio player-box\">\n\t\t\t\t\t<div class=\"jp-gui jp-interface\">\n\t\t\t\t\t\t<div class=\"jp-progress\">\n\t\t\t\t\t\t\t<div class=\"jp-seek-bar\">\n\t\t\t\t\t\t\t\t<div class=\"jp-play-bar\"><\/div>\n\t\t\t\t\t\t\t<\/div>\n\t\t\t\t\t\t<\/div>\n\t\t\t\t\t<\/div>\n\t\t\t\t<\/div>\n\t\t\t<\/div>\n\t\t\t<div class=\"qode-audio-player-current-time-holder\">\n\t\t\t\t<div class=\"jp-audio player-box\">\n\t\t\t\t\t<div class=\"jp-gui jp-interface\">\n\t\t\t\t\t\t<p class=\"time-box\">\n\t\t\t\t\t\t\t<span class=\"jp-current-time\"><\/span>\/<span class=\"jp-duration\"><\/span>\n\t\t\t\t\t\t<\/p>\n\t\t\t\t\t<\/div>\n\t\t\t\t<\/div>\n\t\t\t<\/div>\n\t\t<\/div>\n\t\t<div class=\"qode-audio-player-volume-holder\">\n\t\t\t<div class=\"jp-volume-controls\">\n\t\t\t\t<a class=\"jp-mute\" role=\"button\" tabindex=\"0\"><i class=\"fa fa-volume-up\" aria-hidden=\"true\"><\/i><i class=\"fa fa-volume-off\" aria-hidden=\"true\"><\/i><\/a>\n\t\t\t\t<span class=\"jp-volume-bar\">\n\t\t\t\t\t<span class=\"jp-volume-bar-value\"><\/span>\n\t\t\t\t<\/span>\n\t\t\t<\/div>\n\t\t<\/div>\n\t<\/div>\n\t<\/div>[\/vc_column][\/vc_row][vc_row css_animation=\u00bb\u00bb row_type=\u00bbrow\u00bb use_row_as_full_screen_section=\u00bbno\u00bb type=\u00bbfull_width\u00bb angled_section=\u00bbno\u00bb text_align=\u00bbleft\u00bb background_image_as_pattern=\u00bbwithout_pattern\u00bb z_index=\u00bb\u00bb css=\u00bb.vc_custom_1576229730936{padding-top: 109px !important;padding-right: 20px !important;padding-bottom: 0px !important;padding-left: 20px !important;background-color: #000000 !important;}\u00bb el_class=\u00bbainara\u00bb][vc_column width=\u00bb2\/12&#8243;][\/vc_column][vc_column width=\u00bb6\/12&#8243; css=\u00bb.vc_custom_1576229670130{padding-right: 20px !important;padding-left: 20px !important;}\u00bb][vc_empty_space height=\u00bb53px\u00bb][vc_column_text]<\/p>\n<h2>Kantuz bizi naiz eta kantuz nahi bizi,<br \/>\nkantuz igortzen baititut nik penak ihesi.<\/h2>\n<p>[\/vc_column_text][vc_separator type=\u00bbsmall\u00bb position=\u00bbleft\u00bb][vc_column_text]Bibolinaz gain hainbat instrumenturekin dibertitzen naizen arren ez dut ahotsa bezalakorik topatu, ez kontrabaxua, ez pianoa, ezta ukelele hawaiarra ere, bai, ez da hemengoa, hawaiarra da. Bila jarraituko dut baina argia eta itzalak topo egiten duten mugan ere asperen eme bat ernatzen zait eztarritik, kantua da.<\/p>\n<p>&nbsp;<\/p>\n<p>Kantuz aritu nintzen ni ere maitea Nafarroako lurrian sartzian; gogorra bezainbat da ederra bizitza. Ez dadila itsusiagoa izan heriotza.<\/p>\n<p>&nbsp;<\/p>\n<p>Ilean lorea paratuta igotzen omen naiz eszenatokietara, batzuetan ez naiz konturatu ere egiten txoriak adina ditudala loreak buruan, eroxka naizela maiz esaten didate, hori egia da; esaten didatela da egia. Ez dut ez izateko arraozoirik topatzen, bizitza da handiena, edan ase arte beretik baina ez ahantzi bertzeei ere edaten ematen.<\/p>\n<p>&nbsp;<\/p>\n<p>Lesakan hasi zen abestearen ibilbide hau niretzako, San Juan bezperan zubiga\u00f1in kantatzen, emozioak eta malkoek errekarako bidea hartu zuten hartan bezalaxe berriz ere Lesakari kantatuko diot Onin diskoan. Ingelesez aski baikorra luke izenburua, euskaraz ezkerreko estea bete eta bapo geratzeko neurrikoa litzateke baina Lesakan\u2026Lesakan asperen bat da, datozenen eta joan direnen erreka koxkor zaharra, ur berria, lur gorriko eremuen aska, Eskol Ttikiko musikarien ahaidea, zubigaineko dantzarien zaindaria. Niretzako? Iragana baina aski ongi bizitakoa.[\/vc_column_text][\/vc_column][vc_column width=\u00bb4\/12&#8243; css=\u00bb.vc_custom_1576959347581{margin-right: 0px !important;padding-right: 0px !important;}\u00bb][vc_single_image image=\u00bb459&#8243; img_size=\u00bbfull\u00bb alignment=\u00bbright\u00bb qode_css_animation=\u00bb\u00bb css=\u00bb.vc_custom_1576959399202{margin-right: -20px !important;}\u00bb][\/vc_column][\/vc_row][vc_row css_animation=\u00bb\u00bb row_type=\u00bbrow\u00bb use_row_as_full_screen_section=\u00bbno\u00bb type=\u00bbgrid\u00bb angled_section=\u00bbno\u00bb text_align=\u00bbleft\u00bb background_image_as_pattern=\u00bbwithout_pattern\u00bb z_index=\u00bb\u00bb css=\u00bb.vc_custom_1575401888398{padding-top: 109px !important;background-color: #000000 !important;}\u00bb][vc_column][vc_column_text]<\/p>\n<h1>Agenda<\/h1>\n<p>[\/vc_column_text][vc_separator type=\u00bbsmall\u00bb position=\u00bbleft\u00bb][vc_column_text]\u00bfDonde podr\u00e1s verme y escucharme? No te pierdas los pr\u00f3ximos conciertos y eventos. \u00a1Animate y ac\u00e9rcate![\/vc_column_text][\/vc_column][\/vc_row][vc_row css_animation=\u00bb\u00bb row_type=\u00bbrow\u00bb use_row_as_full_screen_section=\u00bbno\u00bb type=\u00bbgrid\u00bb angled_section=\u00bbno\u00bb text_align=\u00bbleft\u00bb background_image_as_pattern=\u00bbwithout_pattern\u00bb z_index=\u00bb\u00bb css=\u00bb.vc_custom_1575401898099{padding-bottom: 110px !important;background-color: #000000 !important;}\u00bb][vc_column]<div class=\"qode-events-list-holder-outer \" data-next-page= \"2\" data-order-by= \"start-date\" data-order= \"ASC\" data-event-status= \"upcoming\" data-number= \"6\" data-title-tag= \"h5\" data-text-color= \"#ffffff\" data-border-color= \"#222222\" data-max-num-pages = 0><div class=\"qode-events-list-holder clearfix\"><p>No se han encontrado eventos, disculpa las molestias.<\/p><\/div><\/div>[vc_empty_space height=\u00bb53px\u00bb][vc_row_inner row_type=\u00bbrow\u00bb type=\u00bbfull_width\u00bb text_align=\u00bbcenter\u00bb css_animation=\u00bb\u00bb][vc_column_inner]<a itemprop=\"url\" href=\"https:\/\/www.ainaraortega.com\/agenda\/\" target=\"_self\" class=\"qbutton  big_large center white default\" style=\"\">VER AGENDA COMPLETA<\/a>[\/vc_column_inner][\/vc_row_inner][\/vc_column][\/vc_row][vc_row css_animation=\u00bb\u00bb row_type=\u00bbrow\u00bb use_row_as_full_screen_section=\u00bbno\u00bb type=\u00bbgrid\u00bb angled_section=\u00bbno\u00bb text_align=\u00bbleft\u00bb background_image_as_pattern=\u00bbwithout_pattern\u00bb z_index=\u00bb\u00bb css=\u00bb.vc_custom_1523629790463{padding-top: 109px !important;padding-bottom: 111px !important;background-color: #000000 !important;}\u00bb][vc_column][vc_column_text]<\/p>\n<h2>\u00daltimas historias<\/h2>\n<p>[\/vc_column_text][vc_separator type=\u00bbsmall\u00bb position=\u00bbleft\u00bb][vc_column_text]Estas son las \u00faltimas noticias y reflexiones de mi blog.[\/vc_column_text][vc_empty_space height=\u00bb53px\u00bb]<div class='latest_post_two_holder three_columns'><ul><\/ul><\/div>[\/vc_column][\/vc_row][vc_row css_animation=\u00bb\u00bb row_type=\u00bbrow\u00bb use_row_as_full_screen_section=\u00bbyes\u00bb type=\u00bbfull_width\u00bb angled_section=\u00bbno\u00bb text_align=\u00bbleft\u00bb background_image_as_pattern=\u00bbwithout_pattern\u00bb z_index=\u00bb\u00bb][vc_column]<div class=\"qode_video_box\">\n\t<a itemprop=\"image\" class=\"qode_video_image\" href=\"https:\/\/youtu.be\/GgTKWmc5GTs\" data-rel=\"prettyPhoto\" target=\"_blank\" rel=\"noopener\">\n\t\t\t\n\t\t\t<img src=\"https:\/\/www.ainaraortega.com\/wp-content\/uploads\/2019\/12\/euskara-maravillosua-onin-ainara-ortega-barrenetxea.jpg\" \/>\n\t\t\t<span class=\"qode_video_box_button_holder\">\n\t\t\t\t<span class=\"qode_video_box_button\">\n\t\t\t\t\t<span class=\"qode_video_box_button_arrow\">\n\t\t\t\t\t<\/span>\n\t\t\t\t<\/span>\n\t\t\t<\/span>\n\t\t\t<\/a>\n<\/div>[\/vc_column][\/vc_row][vc_row css_animation=\u00bb\u00bb row_type=\u00bbrow\u00bb use_row_as_full_screen_section=\u00bbno\u00bb type=\u00bbgrid\u00bb angled_section=\u00bbno\u00bb text_align=\u00bbleft\u00bb background_image_as_pattern=\u00bbwithout_pattern\u00bb css=\u00bb.vc_custom_1575401120101{padding-top: 122px !important;padding-bottom: 60px !important;}\u00bb z_index=\u00bb\u00bb][vc_column offset=\u00bbvc_col-lg-offset-0 vc_col-lg-5 vc_col-md-offset-0 vc_col-md-5 vc_col-sm-offset-0 vc_col-xs-12&#8243;][vc_single_image image=\u00bb308&#8243; img_size=\u00bblarge\u00bb qode_css_animation=\u00bb\u00bb][vc_empty_space height=\u00bb48px\u00bb][vc_column_text]<\/p>\n<h2>Scat &#8211; 2015.<\/h2>\n<p>[\/vc_column_text][vc_empty_space height=\u00bb16px\u00bb][vc_column_text]Scat, toda una declaraci\u00f3n de intenciones de mi primer disco en solitario.[\/vc_column_text][vc_empty_space height=\u00bb22px\u00bb][vc_empty_space height=\u00bb60px\u00bb]<a itemprop=\"url\" href=\"https:\/\/www.ainaraortega.com\/album\/scat\/\" target=\"_self\" class=\"qbutton  big_large_full_width white default\" style=\"\">M\u00c1S INFORMACI\u00d3N<\/a>[\/vc_column][vc_column offset=\u00bbvc_col-lg-offset-0 vc_col-lg-1 vc_col-md-offset-0 vc_col-md-1 vc_col-sm-offset-0 vc_col-xs-12&#8243;][\/vc_column][vc_column offset=\u00bbvc_col-lg-offset-0 vc_col-lg-6 vc_col-md-offset-0 vc_col-md-6 vc_col-sm-offset-0 vc_col-xs-12&#8243;][vc_column_text]<\/p>\n<h3>Abestiak<\/h3>\n<p>[\/vc_column_text][vc_empty_space height=\u00bb16px\u00bb]<div class=\"qode-album-track-list qode-album-dark\" id=\"qode-album-id-2090692088\">\n\t\t<div class=\"qode-album-track\" data-track-order=\"1\">\n\t\t\t<h3 class=\"qode-at-title\">\n\t\t\t\t\t\t\t\t\t<span class=\"qode-at-number\">1. <\/span>All the things you are\t\t\t\t\t\t\t<\/h3>\n\t\t\t<span class=\"qode-at-time\">6:09<\/span>\n\t\t\t<a class=\"qode-at-play-button\">\n\t\t\t\t<audio preload=\"metadata\" src=\"https:\/\/www.ainaraortega.com\/wp-content\/uploads\/2018\/04\/01-All-the-things-you-are.mp3\"><\/audio>\n\t\t\t\t<i class=\"arrow_triangle-right qode-at-play-icon\"><\/i><i class=\"icon_pause qode-at-pause-icon\"><\/i>\n\t\t\t<\/a>\n\t\t\t<span class=\"qode-at-video-button-holder\">\n\t\t\t\t\t\t\t<\/span>\n\t\t\t<span class=\"qode-at-download-holder\">\n\t\t\t\t\t\t\t<\/span>\n\t\t<\/div>\n\t\t<div class=\"qode-album-track\" data-track-order=\"2\">\n\t\t\t<h3 class=\"qode-at-title\">\n\t\t\t\t\t\t\t\t\t<span class=\"qode-at-number\">2. <\/span>Izarren hautsarik balitza\t\t\t\t\t\t\t<\/h3>\n\t\t\t<span class=\"qode-at-time\">7:32<\/span>\n\t\t\t<a class=\"qode-at-play-button\">\n\t\t\t\t<audio preload=\"metadata\" src=\"https:\/\/www.ainaraortega.com\/wp-content\/uploads\/2018\/04\/02-Izarren-hautsarik-balitza.mp3\"><\/audio>\n\t\t\t\t<i class=\"arrow_triangle-right qode-at-play-icon\"><\/i><i class=\"icon_pause qode-at-pause-icon\"><\/i>\n\t\t\t<\/a>\n\t\t\t<span class=\"qode-at-video-button-holder\">\n\t\t\t\t\t\t\t<\/span>\n\t\t\t<span class=\"qode-at-download-holder\">\n\t\t\t\t\t\t\t<\/span>\n\t\t<\/div>\n\t\t<div class=\"qode-album-track\" data-track-order=\"3\">\n\t\t\t<h3 class=\"qode-at-title\">\n\t\t\t\t\t\t\t\t\t<span class=\"qode-at-number\">3. <\/span>Chega de Sudade\t\t\t\t\t\t\t<\/h3>\n\t\t\t<span class=\"qode-at-time\">6:10<\/span>\n\t\t\t<a class=\"qode-at-play-button\">\n\t\t\t\t<audio preload=\"metadata\" src=\"https:\/\/www.ainaraortega.com\/wp-content\/uploads\/2018\/04\/03-Chega-de-Sudade.mp3\"><\/audio>\n\t\t\t\t<i class=\"arrow_triangle-right qode-at-play-icon\"><\/i><i class=\"icon_pause qode-at-pause-icon\"><\/i>\n\t\t\t<\/a>\n\t\t\t<span class=\"qode-at-video-button-holder\">\n\t\t\t\t\t\t\t<\/span>\n\t\t\t<span class=\"qode-at-download-holder\">\n\t\t\t\t\t\t\t<\/span>\n\t\t<\/div>\n\t\t<div class=\"qode-album-track\" data-track-order=\"4\">\n\t\t\t<h3 class=\"qode-at-title\">\n\t\t\t\t\t\t\t\t\t<span class=\"qode-at-number\">4. <\/span>Se\u00f1or M\u00e9nier\u00e8 conoce a Endolinfa\t\t\t\t\t\t\t<\/h3>\n\t\t\t<span class=\"qode-at-time\">7:49<\/span>\n\t\t\t<a class=\"qode-at-play-button\">\n\t\t\t\t<audio preload=\"metadata\" src=\"https:\/\/www.ainaraortega.com\/wp-content\/uploads\/2018\/04\/04-Se\u00f1or-M\u00e9nier\u00e8-conoce-a-Endolinfa.mp3\"><\/audio>\n\t\t\t\t<i class=\"arrow_triangle-right qode-at-play-icon\"><\/i><i class=\"icon_pause qode-at-pause-icon\"><\/i>\n\t\t\t<\/a>\n\t\t\t<span class=\"qode-at-video-button-holder\">\n\t\t\t\t\t\t\t<\/span>\n\t\t\t<span class=\"qode-at-download-holder\">\n\t\t\t\t\t\t\t<\/span>\n\t\t<\/div>\n\t\t<div class=\"qode-album-track\" data-track-order=\"5\">\n\t\t\t<h3 class=\"qode-at-title\">\n\t\t\t\t\t\t\t\t\t<span class=\"qode-at-number\">5. <\/span>Location of dreams\t\t\t\t\t\t\t<\/h3>\n\t\t\t<span class=\"qode-at-time\">2:35<\/span>\n\t\t\t<a class=\"qode-at-play-button\">\n\t\t\t\t<audio preload=\"metadata\" src=\"https:\/\/www.ainaraortega.com\/wp-content\/uploads\/2018\/04\/05-Location-of-dreams.mp3\"><\/audio>\n\t\t\t\t<i class=\"arrow_triangle-right qode-at-play-icon\"><\/i><i class=\"icon_pause qode-at-pause-icon\"><\/i>\n\t\t\t<\/a>\n\t\t\t<span class=\"qode-at-video-button-holder\">\n\t\t\t\t\t\t\t<\/span>\n\t\t\t<span class=\"qode-at-download-holder\">\n\t\t\t\t\t\t\t<\/span>\n\t\t<\/div>\n\t\t<div class=\"qode-album-track\" data-track-order=\"6\">\n\t\t\t<h3 class=\"qode-at-title\">\n\t\t\t\t\t\t\t\t\t<span class=\"qode-at-number\">6. <\/span>Donna Lee\t\t\t\t\t\t\t<\/h3>\n\t\t\t<span class=\"qode-at-time\">4:48<\/span>\n\t\t\t<a class=\"qode-at-play-button\">\n\t\t\t\t<audio preload=\"metadata\" src=\"https:\/\/www.ainaraortega.com\/wp-content\/uploads\/2018\/04\/06-Donna-Lee.mp3\"><\/audio>\n\t\t\t\t<i class=\"arrow_triangle-right qode-at-play-icon\"><\/i><i class=\"icon_pause qode-at-pause-icon\"><\/i>\n\t\t\t<\/a>\n\t\t\t<span class=\"qode-at-video-button-holder\">\n\t\t\t\t\t\t\t\t\t<a class=\"qode-at-video-button\" href=\"#\" data-rel=\"prettyPhoto\" >\n\t\t\t\t\t\t<i class=\"fa fa-video-camera\"><\/i>\n\t\t\t\t\t<\/a>\n\t\t\t\t\t\t\t<\/span>\n\t\t\t<span class=\"qode-at-download-holder\">\n\t\t\t\t\t\t\t<\/span>\n\t\t<\/div>\n\t\t<div class=\"qode-album-track\" data-track-order=\"7\">\n\t\t\t<h3 class=\"qode-at-title\">\n\t\t\t\t\t\t\t\t\t<span class=\"qode-at-number\">7. <\/span>Zure tristura\t\t\t\t\t\t\t<\/h3>\n\t\t\t<span class=\"qode-at-time\">4:55<\/span>\n\t\t\t<a class=\"qode-at-play-button\">\n\t\t\t\t<audio preload=\"metadata\" src=\"https:\/\/www.ainaraortega.com\/wp-content\/uploads\/2018\/04\/07-Zure-tristura.mp3\"><\/audio>\n\t\t\t\t<i class=\"arrow_triangle-right qode-at-play-icon\"><\/i><i class=\"icon_pause qode-at-pause-icon\"><\/i>\n\t\t\t<\/a>\n\t\t\t<span class=\"qode-at-video-button-holder\">\n\t\t\t\t\t\t\t<\/span>\n\t\t\t<span class=\"qode-at-download-holder\">\n\t\t\t\t\t\t\t<\/span>\n\t\t<\/div>\n\t\t<div class=\"qode-album-track\" data-track-order=\"8\">\n\t\t\t<h3 class=\"qode-at-title\">\n\t\t\t\t\t\t\t\t\t<span class=\"qode-at-number\">8. <\/span>Vida de bailarina\t\t\t\t\t\t\t<\/h3>\n\t\t\t<span class=\"qode-at-time\">7:26<\/span>\n\t\t\t<a class=\"qode-at-play-button\">\n\t\t\t\t<audio preload=\"metadata\" src=\"https:\/\/www.ainaraortega.com\/wp-content\/uploads\/2018\/04\/08-Vida-de-bailarina.mp3\"><\/audio>\n\t\t\t\t<i class=\"arrow_triangle-right qode-at-play-icon\"><\/i><i class=\"icon_pause qode-at-pause-icon\"><\/i>\n\t\t\t<\/a>\n\t\t\t<span class=\"qode-at-video-button-holder\">\n\t\t\t\t\t\t\t<\/span>\n\t\t\t<span class=\"qode-at-download-holder\">\n\t\t\t\t\t\t\t<\/span>\n\t\t<\/div>\n\t\t<div class=\"qode-album-track\" data-track-order=\"9\">\n\t\t\t<h3 class=\"qode-at-title\">\n\t\t\t\t\t\t\t\t\t<span class=\"qode-at-number\">9. <\/span>Con la m\u00fasica no se juega\t\t\t\t\t\t\t<\/h3>\n\t\t\t<span class=\"qode-at-time\">4:27<\/span>\n\t\t\t<a class=\"qode-at-play-button\">\n\t\t\t\t<audio preload=\"metadata\" src=\"https:\/\/www.ainaraortega.com\/wp-content\/uploads\/2018\/04\/09-Con-la-m\u00fasica-no-se-juega.mp3\"><\/audio>\n\t\t\t\t<i class=\"arrow_triangle-right qode-at-play-icon\"><\/i><i class=\"icon_pause qode-at-pause-icon\"><\/i>\n\t\t\t<\/a>\n\t\t\t<span class=\"qode-at-video-button-holder\">\n\t\t\t\t\t\t\t<\/span>\n\t\t\t<span class=\"qode-at-download-holder\">\n\t\t\t\t\t\t\t<\/span>\n\t\t<\/div>\n\t\t<div class=\"qode-album-track\" data-track-order=\"10\">\n\t\t\t<h3 class=\"qode-at-title\">\n\t\t\t\t\t\t\t\t\t<span class=\"qode-at-number\">10. <\/span>&#039;Round midnight\t\t\t\t\t\t\t<\/h3>\n\t\t\t<span class=\"qode-at-time\">8:04<\/span>\n\t\t\t<a class=\"qode-at-play-button\">\n\t\t\t\t<audio preload=\"metadata\" src=\"https:\/\/www.ainaraortega.com\/wp-content\/uploads\/2018\/04\/10-Round-midnight.mp3\"><\/audio>\n\t\t\t\t<i class=\"arrow_triangle-right qode-at-play-icon\"><\/i><i class=\"icon_pause qode-at-pause-icon\"><\/i>\n\t\t\t<\/a>\n\t\t\t<span class=\"qode-at-video-button-holder\">\n\t\t\t\t\t\t\t<\/span>\n\t\t\t<span class=\"qode-at-download-holder\">\n\t\t\t\t\t\t\t<\/span>\n\t\t<\/div>\n\t\t<div class=\"qode-album-track\" data-track-order=\"11\">\n\t\t\t<h3 class=\"qode-at-title\">\n\t\t\t\t\t\t\t\t\t<span class=\"qode-at-number\">11. <\/span>Scat\t\t\t\t\t\t\t<\/h3>\n\t\t\t<span class=\"qode-at-time\">2:02<\/span>\n\t\t\t<a class=\"qode-at-play-button\">\n\t\t\t\t<audio preload=\"metadata\" src=\"https:\/\/www.ainaraortega.com\/wp-content\/uploads\/2018\/04\/11-Scat.mp3\"><\/audio>\n\t\t\t\t<i class=\"arrow_triangle-right qode-at-play-icon\"><\/i><i class=\"icon_pause qode-at-pause-icon\"><\/i>\n\t\t\t<\/a>\n\t\t\t<span class=\"qode-at-video-button-holder\">\n\t\t\t\t\t\t\t<\/span>\n\t\t\t<span class=\"qode-at-download-holder\">\n\t\t\t\t\t\t\t<\/span>\n\t\t<\/div>\n<\/div>[\/vc_column][\/vc_row]<\/p>\n","protected":false},"excerpt":{"rendered":"<p>[vc_row css_animation=\u00bb\u00bb row_type=\u00bbrow\u00bb use_row_as_full_screen_section=\u00bbno\u00bb type=\u00bbfull_width\u00bb angled_section=\u00bbno\u00bb text_align=\u00bbleft\u00bb background_image_as_pattern=\u00bbwithout_pattern\u00bb][vc_column][\/vc_column][\/vc_row][vc_row css_animation=\u00bb\u00bb row_type=\u00bbrow\u00bb use_row_as_full_screen_section=\u00bbno\u00bb type=\u00bbfull_width\u00bb angled_section=\u00bbno\u00bb text_align=\u00bbleft\u00bb background_image_as_pattern=\u00bbwithout_pattern\u00bb css=\u00bb.vc_custom_1523627385762{background-color: #ffffff !important;}\u00bb z_index=\u00bb\u00bb][vc_column css=\u00bb.vc_custom_1523627470988{margin-top: -24px !important;padding-top: 0px !important;padding-right: 16% !important;padding-left: 10% !important;background-color: #ffffff !important;}\u00bb][\/vc_column][\/vc_row][vc_row css_animation=\u00bb\u00bb row_type=\u00bbrow\u00bb use_row_as_full_screen_section=\u00bbno\u00bb type=\u00bbfull_width\u00bb angled_section=\u00bbno\u00bb text_align=\u00bbleft\u00bb background_image_as_pattern=\u00bbwithout_pattern\u00bb z_index=\u00bb\u00bb css=\u00bb.vc_custom_1576229730936{padding-top: 109px !important;padding-right: 20px !important;padding-bottom: 0px !important;padding-left:&#8230;<\/p>\n","protected":false},"author":1,"featured_media":571,"parent":0,"menu_order":0,"comment_status":"closed","ping_status":"closed","template":"full_width.php","meta":[],"_links":{"self":[{"href":"https:\/\/www.ainaraortega.com\/es\/wp-json\/wp\/v2\/pages\/569"}],"collection":[{"href":"https:\/\/www.ainaraortega.com\/es\/wp-json\/wp\/v2\/pages"}],"about":[{"href":"https:\/\/www.ainaraortega.com\/es\/wp-json\/wp\/v2\/types\/page"}],"author":[{"embeddable":true,"href":"https:\/\/www.ainaraortega.com\/es\/wp-json\/wp\/v2\/users\/1"}],"replies":[{"embeddable":true,"href":"https:\/\/www.ainaraortega.com\/es\/wp-json\/wp\/v2\/comments?post=569"}],"version-history":[{"count":2,"href":"https:\/\/www.ainaraortega.com\/es\/wp-json\/wp\/v2\/pages\/569\/revisions"}],"predecessor-version":[{"id":573,"href":"https:\/\/www.ainaraortega.com\/es\/wp-json\/wp\/v2\/pages\/569\/revisions\/573"}],"wp:featuredmedia":[{"embeddable":true,"href":"https:\/\/www.ainaraortega.com\/es\/wp-json\/wp\/v2\/media\/571"}],"wp:attachment":[{"href":"https:\/\/www.ainaraortega.com\/es\/wp-json\/wp\/v2\/media?parent=569"}],"curies":[{"name":"wp","href":"https:\/\/api.w.org\/{rel}","templated":true}]}}